{"id":13919,"date":"2022-12-28T18:58:20","date_gmt":"2022-12-28T18:58:20","guid":{"rendered":"https:\/\/berranosposa.com\/surdurulebilirlik\/"},"modified":"2022-12-30T08:51:40","modified_gmt":"2022-12-30T08:51:40","slug":"surdurulebilirlik","status":"publish","type":"page","link":"https:\/\/berranosposa.com\/ar\/surdurulebilirlik\/","title":{"rendered":"S\u00fcrd\u00fcr\u00fclebilirlik"},"content":{"rendered":"<h3 class=\"qodef-m-title\" style=\"padding-left: 320px;\">S\u00dcRD\u00dcR\u00dcLEB\u0130L\u0130RL\u0130K<\/h3>\n<p style=\"padding-left: 320px;\">Gelece\u011fimize kar\u015f\u0131 sorumluluklar\u0131m\u0131z\u0131n bilincindeyiz. Bu sebeple t\u00fcm i\u015f s\u00fcre\u00e7lerimizde ve sosyal hayat\u0131m\u0131zda<br \/>\n\u00e7evreye duyarl\u0131l\u0131k prensibiyle hareket ediyor, daha iyi bir d\u00fcnya i\u00e7in kaynaklar\u0131n sorumlu kullan\u0131m\u0131na \u00f6nem veriyoruz.<\/p>\n<p style=\"padding-left: 320px;\"><strong>T\u00fcm faaliyetlerimizde s\u00fcrd\u00fcr\u00fclebilir bir gelece\u011fe katk\u0131da bulunmak ve insan, \u00e7evre, toplum ve<br \/>\ni\u015f s\u00fcreklili\u011fi dengesini korumak i\u00e7in:<\/strong><\/p>\n<p style=\"padding-left: 320px;\">Payda\u015flar\u0131m\u0131zla sevgi, sayg\u0131, ho\u015fg\u00f6r\u00fc, dayan\u0131\u015fma, katk\u0131, ileti\u015fim, sa\u011fduyuya dayanan ili\u015fkiler kurar\u0131z.<br \/>\n\u00c7al\u0131\u015fanlar\u0131m\u0131z\u0131n mutluluk, ba\u011fl\u0131l\u0131k, geli\u015fimi ve i\u015f-\u00f6zel hayat dengesini g\u00f6zetiriz.<br \/>\nFaaliyetlerimizin etkilerini ilk karar a\u015famas\u0131ndan itibaren insan, \u00e7evre, gelecek \u00fc\u00e7geninde b\u00fct\u00fcnsel de\u011ferlendiririz.<br \/>\nMinimum etki yakla\u015f\u0131m\u0131 ile \u00e7evre y\u00f6netimi yapar\u0131z.<br \/>\nToplumlar\u0131n k\u00fclt\u00fcr\u00fcn\u00fc, al\u0131\u015fkanl\u0131klar\u0131n\u0131, de\u011ferlerini benimser, sayg\u0131 duyar; toplumsal geli\u015fime katk\u0131 sa\u011flar\u0131z.<br \/>\nKarl\u0131 b\u00fcy\u00fcme ve verimlilik i\u00e7in uzmanl\u0131\u011f\u0131m\u0131z\u0131 kullan\u0131r, s\u00fcrekli iyile\u015ftirme i\u00e7in denetler, yenilik\u00e7i ve vizyoner<br \/>\nbak\u0131\u015f a\u00e7\u0131s\u0131yla geli\u015fir ve geli\u015ftiririz.<\/p>\n<p style=\"padding-left: 320px;\"><strong>S\u00fcrd\u00fcr\u00fclebilir Kalk\u0131nma Hedeflerine uygun bir \u015fekilde hareket ediyor, 17 madde \u00fczerinde ayr\u0131 ayr\u0131<br \/>\n\u00e7al\u0131\u015fmalar y\u00fcr\u00fct\u00fcyoruz.<\/strong><\/p>\n<p>&nbsp;<\/p>\n<p><strong><img loading=\"lazy\" decoding=\"async\" class=\"aligncenter\" src=\"http:\/\/www.akifkasaboglu.com\/dimg\/editor\/SKH.png\" alt=\"\" width=\"685\" height=\"343\"><\/strong><\/p>\n","protected":false},"excerpt":{"rendered":"<p>S\u00dcRD\u00dcR\u00dcLEB\u0130L\u0130RL\u0130K Gelece\u011fimize kar\u015f\u0131 sorumluluklar\u0131m\u0131z\u0131n bilincindeyiz. Bu sebeple t\u00fcm i\u015f s\u00fcre\u00e7lerimizde ve sosyal hayat\u0131m\u0131zda \u00e7evreye duyarl\u0131l\u0131k prensibiyle hareket ediyor, daha iyi bir d\u00fcnya i\u00e7in kaynaklar\u0131n sorumlu&#8230;<\/p>\n","protected":false},"author":1,"featured_media":0,"parent":0,"menu_order":0,"comment_status":"closed","ping_status":"closed","template":"","meta":{"inline_featured_image":false,"footnotes":""},"class_list":["post-13919","page","type-page","status-publish"],"yoast_head":"<!-- This site is optimized with the Yoast SEO plugin v19.10 - https:\/\/yoast.com\/wordpress\/plugins\/seo\/ -->\n<title>[Arabic] S\u00fcrd\u00fcr\u00fclebilirlik - Berrano Gelinlik<\/title>\n<meta name=\"description\" content=\"S\u00fcrd\u00fcr\u00fclebilirlik %\" \/>\n<meta name=\"robots\" content=\"index, follow, max-snippet:-1, max-image-preview:large, max-video-preview:-1\" \/>\n<link rel=\"canonical\" href=\"https:\/\/berranosposa.com\/ar\/surdurulebilirlik\/\" \/>\n<meta property=\"og:locale\" content=\"ar_AR\" \/>\n<meta property=\"og:type\" content=\"article\" \/>\n<meta property=\"og:title\" content=\"[Arabic] S\u00fcrd\u00fcr\u00fclebilirlik - Berrano Gelinlik\" \/>\n<meta property=\"og:description\" content=\"S\u00fcrd\u00fcr\u00fclebilirlik %\" \/>\n<meta property=\"og:url\" content=\"https:\/\/berranosposa.com\/ar\/surdurulebilirlik\/\" \/>\n<meta property=\"og:site_name\" content=\"Berrano Gelinlik\" \/>\n<meta property=\"article:publisher\" content=\"https:\/\/www.facebook.com\/berranosposa\/\" \/>\n<meta property=\"article:modified_time\" content=\"2022-12-30T08:51:40+00:00\" \/>\n<meta property=\"og:image\" content=\"http:\/\/www.akifkasaboglu.com\/dimg\/editor\/SKH.png\" \/>\n<meta name=\"twitter:card\" content=\"summary_large_image\" \/>\n<meta name=\"twitter:label1\" content=\"\u0648\u0642\u062a \u0627\u0644\u0642\u0631\u0627\u0621\u0629 \u0627\u0644\u0645\u064f\u0642\u062f\u0651\u0631\" \/>\n\t<meta name=\"twitter:data1\" content=\"[Arabic] 1 minute\" \/>\n<script type=\"application\/ld+json\" class=\"yoast-schema-graph\">{\"@context\":\"https:\/\/schema.org\",\"@graph\":[{\"@type\":[\"WebPage\",\"CollectionPage\"],\"@id\":\"https:\/\/berranosposa.com\/ar\/surdurulebilirlik\/\",\"url\":\"https:\/\/berranosposa.com\/ar\/surdurulebilirlik\/\",\"name\":\"[Arabic] S\u00fcrd\u00fcr\u00fclebilirlik - Berrano Gelinlik\",\"isPartOf\":{\"@id\":\"https:\/\/berranosposa.com\/#website\"},\"datePublished\":\"2022-12-28T18:58:20+00:00\",\"dateModified\":\"2022-12-30T08:51:40+00:00\",\"description\":\"S\u00fcrd\u00fcr\u00fclebilirlik %\",\"breadcrumb\":{\"@id\":\"https:\/\/berranosposa.com\/ar\/surdurulebilirlik\/#breadcrumb\"},\"inLanguage\":\"ar\"},{\"@type\":\"BreadcrumbList\",\"@id\":\"https:\/\/berranosposa.com\/ar\/surdurulebilirlik\/#breadcrumb\",\"itemListElement\":[{\"@type\":\"ListItem\",\"position\":1,\"name\":\"Home\",\"item\":\"https:\/\/berranosposa.com\/\"},{\"@type\":\"ListItem\",\"position\":2,\"name\":\"S\u00fcrd\u00fcr\u00fclebilirlik\"}]},{\"@type\":\"WebSite\",\"@id\":\"https:\/\/berranosposa.com\/#website\",\"url\":\"https:\/\/berranosposa.com\/\",\"name\":\"Berrano Gelinlik\",\"description\":\"T\u00fcrkiyenin gelinlik\u00e7isi\",\"publisher\":{\"@id\":\"https:\/\/berranosposa.com\/#organization\"},\"potentialAction\":[{\"@type\":\"SearchAction\",\"target\":{\"@type\":\"EntryPoint\",\"urlTemplate\":\"https:\/\/berranosposa.com\/?s={search_term_string}\"},\"query-input\":\"required name=search_term_string\"}],\"inLanguage\":\"ar\"},{\"@type\":\"Organization\",\"@id\":\"https:\/\/berranosposa.com\/#organization\",\"name\":\"[Arabic] Berrano Gelinlik\",\"url\":\"https:\/\/berranosposa.com\/\",\"logo\":{\"@type\":\"ImageObject\",\"inLanguage\":\"ar\",\"@id\":\"https:\/\/berranosposa.com\/#\/schema\/logo\/image\/\",\"url\":\"https:\/\/berranosposa.com\/wp-content\/uploads\/2021\/03\/logox2-dark.png\",\"contentUrl\":\"https:\/\/berranosposa.com\/wp-content\/uploads\/2021\/03\/logox2-dark.png\",\"width\":506,\"height\":68,\"caption\":\"[Arabic] Berrano Gelinlik\"},\"image\":{\"@id\":\"https:\/\/berranosposa.com\/#\/schema\/logo\/image\/\"},\"sameAs\":[\"https:\/\/www.instagram.com\/berranosposa\/\",\"https:\/\/www.pinterest.com\/berranosposa\",\"https:\/\/www.facebook.com\/berranosposa\/\"]}]}<\/script>\n<!-- \/ Yoast SEO plugin. -->","yoast_head_json":{"title":"[Arabic] S\u00fcrd\u00fcr\u00fclebilirlik - Berrano Gelinlik","description":"S\u00fcrd\u00fcr\u00fclebilirlik %","robots":{"index":"index","follow":"follow","max-snippet":"max-snippet:-1","max-image-preview":"max-image-preview:large","max-video-preview":"max-video-preview:-1"},"canonical":"https:\/\/berranosposa.com\/ar\/surdurulebilirlik\/","og_locale":"ar_AR","og_type":"article","og_title":"[Arabic] S\u00fcrd\u00fcr\u00fclebilirlik - Berrano Gelinlik","og_description":"S\u00fcrd\u00fcr\u00fclebilirlik %","og_url":"https:\/\/berranosposa.com\/ar\/surdurulebilirlik\/","og_site_name":"Berrano Gelinlik","article_publisher":"https:\/\/www.facebook.com\/berranosposa\/","article_modified_time":"2022-12-30T08:51:40+00:00","og_image":[{"url":"http:\/\/www.akifkasaboglu.com\/dimg\/editor\/SKH.png"}],"twitter_card":"summary_large_image","twitter_misc":{"\u0648\u0642\u062a \u0627\u0644\u0642\u0631\u0627\u0621\u0629 \u0627\u0644\u0645\u064f\u0642\u062f\u0651\u0631":"[Arabic] 1 minute"},"schema":{"@context":"https:\/\/schema.org","@graph":[{"@type":["WebPage","CollectionPage"],"@id":"https:\/\/berranosposa.com\/ar\/surdurulebilirlik\/","url":"https:\/\/berranosposa.com\/ar\/surdurulebilirlik\/","name":"[Arabic] S\u00fcrd\u00fcr\u00fclebilirlik - Berrano Gelinlik","isPartOf":{"@id":"https:\/\/berranosposa.com\/#website"},"datePublished":"2022-12-28T18:58:20+00:00","dateModified":"2022-12-30T08:51:40+00:00","description":"S\u00fcrd\u00fcr\u00fclebilirlik %","breadcrumb":{"@id":"https:\/\/berranosposa.com\/ar\/surdurulebilirlik\/#breadcrumb"},"inLanguage":"ar"},{"@type":"BreadcrumbList","@id":"https:\/\/berranosposa.com\/ar\/surdurulebilirlik\/#breadcrumb","itemListElement":[{"@type":"ListItem","position":1,"name":"Home","item":"https:\/\/berranosposa.com\/"},{"@type":"ListItem","position":2,"name":"S\u00fcrd\u00fcr\u00fclebilirlik"}]},{"@type":"WebSite","@id":"https:\/\/berranosposa.com\/#website","url":"https:\/\/berranosposa.com\/","name":"Berrano Gelinlik","description":"T\u00fcrkiyenin gelinlik\u00e7isi","publisher":{"@id":"https:\/\/berranosposa.com\/#organization"},"potentialAction":[{"@type":"SearchAction","target":{"@type":"EntryPoint","urlTemplate":"https:\/\/berranosposa.com\/?s={search_term_string}"},"query-input":"required name=search_term_string"}],"inLanguage":"ar"},{"@type":"Organization","@id":"https:\/\/berranosposa.com\/#organization","name":"[Arabic] Berrano Gelinlik","url":"https:\/\/berranosposa.com\/","logo":{"@type":"ImageObject","inLanguage":"ar","@id":"https:\/\/berranosposa.com\/#\/schema\/logo\/image\/","url":"https:\/\/berranosposa.com\/wp-content\/uploads\/2021\/03\/logox2-dark.png","contentUrl":"https:\/\/berranosposa.com\/wp-content\/uploads\/2021\/03\/logox2-dark.png","width":506,"height":68,"caption":"[Arabic] Berrano Gelinlik"},"image":{"@id":"https:\/\/berranosposa.com\/#\/schema\/logo\/image\/"},"sameAs":["https:\/\/www.instagram.com\/berranosposa\/","https:\/\/www.pinterest.com\/berranosposa","https:\/\/www.facebook.com\/berranosposa\/"]}]}},"_links":{"self":[{"href":"https:\/\/berranosposa.com\/ar\/wp-json\/wp\/v2\/pages\/13919","targetHints":{"allow":["GET"]}}],"collection":[{"href":"https:\/\/berranosposa.com\/ar\/wp-json\/wp\/v2\/pages"}],"about":[{"href":"https:\/\/berranosposa.com\/ar\/wp-json\/wp\/v2\/types\/page"}],"author":[{"embeddable":true,"href":"https:\/\/berranosposa.com\/ar\/wp-json\/wp\/v2\/users\/1"}],"replies":[{"embeddable":true,"href":"https:\/\/berranosposa.com\/ar\/wp-json\/wp\/v2\/comments?post=13919"}],"version-history":[{"count":1,"href":"https:\/\/berranosposa.com\/ar\/wp-json\/wp\/v2\/pages\/13919\/revisions"}],"predecessor-version":[{"id":14022,"href":"https:\/\/berranosposa.com\/ar\/wp-json\/wp\/v2\/pages\/13919\/revisions\/14022"}],"wp:attachment":[{"href":"https:\/\/berranosposa.com\/ar\/wp-json\/wp\/v2\/media?parent=13919"}],"curies":[{"name":"wp","href":"https:\/\/api.w.org\/{rel}","templated":true}]}}