{"id":13926,"date":"2022-12-28T18:58:36","date_gmt":"2022-12-28T18:58:36","guid":{"rendered":"https:\/\/berranosposa.com\/sosyal-sorumluluk\/"},"modified":"2022-12-30T08:49:45","modified_gmt":"2022-12-30T08:49:45","slug":"sosyal-sorumluluk","status":"publish","type":"page","link":"https:\/\/berranosposa.com\/ar\/sosyal-sorumluluk\/","title":{"rendered":"Sosyal Sorumluluk"},"content":{"rendered":"<h3 class=\"qodef-m-title\" style=\"padding-left: 320px;\">SOSYAL SORUMLULUK<\/h3>\n<p style=\"padding-left: 320px;\"><img loading=\"lazy\" decoding=\"async\" src=\"http:\/\/www.akifkasaboglu.com\/dimg\/editor\/HeForShe.png\" alt=\"\" width=\"386\" height=\"159\"><\/p>\n<p style=\"padding-left: 320px;\"><strong>Toplumsal cinsiyet e\u015fitli\u011fine destek veriyoruz.<\/strong><\/p>\n<p style=\"padding-left: 320px;\">Birle\u015fmi\u015f Milletler Kad\u0131n Birimi (UN Women) HeForShe dayan\u0131\u015fma hareketini ba\u015flatarak d\u00fcnya \u00e7ap\u0131nda<br \/>\nher ya\u015ftan erke\u011fi toplumsal cinsiyet e\u015fitli\u011fi ve kad\u0131n haklar\u0131 i\u00e7in de\u011fi\u015fimin savunucusu ve temsilcisi olmaya \u00e7a\u011f\u0131rd\u0131.<br \/>\nT\u00fcm \u00e7al\u0131\u015fanlar\u0131m\u0131zla HeForShe dayan\u0131\u015fma hareketine deste\u011fimizi en \u00fcst seviyede s\u00fcrd\u00fcr\u00fcyoruz.<\/p>\n<p style=\"padding-left: 320px;\">HeForShe dayan\u0131\u015fma hareketini desteklemek ama\u00e7l\u0131 olu\u015fturdu\u011fumuz proje <strong>#E\u015fitBirGelecek <\/strong>ile desteklemeye<br \/>\ndevam ediyoruz.<\/p>\n","protected":false},"excerpt":{"rendered":"<p>SOSYAL SORUMLULUK Toplumsal cinsiyet e\u015fitli\u011fine destek veriyoruz. Birle\u015fmi\u015f Milletler Kad\u0131n Birimi (UN Women) HeForShe dayan\u0131\u015fma hareketini ba\u015flatarak d\u00fcnya \u00e7ap\u0131nda her ya\u015ftan erke\u011fi toplumsal cinsiyet e\u015fitli\u011fi&#8230;<\/p>\n","protected":false},"author":1,"featured_media":0,"parent":0,"menu_order":0,"comment_status":"closed","ping_status":"closed","template":"","meta":{"inline_featured_image":false,"footnotes":""},"class_list":["post-13926","page","type-page","status-publish"],"yoast_head":"<!-- This site is optimized with the Yoast SEO plugin v19.10 - https:\/\/yoast.com\/wordpress\/plugins\/seo\/ -->\n<title>[Arabic] Sosyal Sorumluluk - Berrano Gelinlik<\/title>\n<meta name=\"description\" content=\"Sosyal Sorumluluk %\" \/>\n<meta name=\"robots\" content=\"index, follow, max-snippet:-1, max-image-preview:large, max-video-preview:-1\" \/>\n<link rel=\"canonical\" href=\"https:\/\/berranosposa.com\/ar\/sosyal-sorumluluk\/\" \/>\n<meta property=\"og:locale\" content=\"ar_AR\" \/>\n<meta property=\"og:type\" content=\"article\" \/>\n<meta property=\"og:title\" content=\"[Arabic] Sosyal Sorumluluk - Berrano Gelinlik\" \/>\n<meta property=\"og:description\" content=\"Sosyal Sorumluluk %\" \/>\n<meta property=\"og:url\" content=\"https:\/\/berranosposa.com\/ar\/sosyal-sorumluluk\/\" \/>\n<meta property=\"og:site_name\" content=\"Berrano Gelinlik\" \/>\n<meta property=\"article:publisher\" content=\"https:\/\/www.facebook.com\/berranosposa\/\" \/>\n<meta property=\"article:modified_time\" content=\"2022-12-30T08:49:45+00:00\" \/>\n<meta property=\"og:image\" content=\"http:\/\/www.akifkasaboglu.com\/dimg\/editor\/HeForShe.png\" \/>\n<meta name=\"twitter:card\" content=\"summary_large_image\" \/>\n<script type=\"application\/ld+json\" class=\"yoast-schema-graph\">{\"@context\":\"https:\/\/schema.org\",\"@graph\":[{\"@type\":[\"WebPage\",\"CollectionPage\"],\"@id\":\"https:\/\/berranosposa.com\/ar\/sosyal-sorumluluk\/\",\"url\":\"https:\/\/berranosposa.com\/ar\/sosyal-sorumluluk\/\",\"name\":\"[Arabic] Sosyal Sorumluluk - Berrano Gelinlik\",\"isPartOf\":{\"@id\":\"https:\/\/berranosposa.com\/#website\"},\"datePublished\":\"2022-12-28T18:58:36+00:00\",\"dateModified\":\"2022-12-30T08:49:45+00:00\",\"description\":\"Sosyal Sorumluluk %\",\"breadcrumb\":{\"@id\":\"https:\/\/berranosposa.com\/ar\/sosyal-sorumluluk\/#breadcrumb\"},\"inLanguage\":\"ar\"},{\"@type\":\"BreadcrumbList\",\"@id\":\"https:\/\/berranosposa.com\/ar\/sosyal-sorumluluk\/#breadcrumb\",\"itemListElement\":[{\"@type\":\"ListItem\",\"position\":1,\"name\":\"Home\",\"item\":\"https:\/\/berranosposa.com\/\"},{\"@type\":\"ListItem\",\"position\":2,\"name\":\"Sosyal Sorumluluk\"}]},{\"@type\":\"WebSite\",\"@id\":\"https:\/\/berranosposa.com\/#website\",\"url\":\"https:\/\/berranosposa.com\/\",\"name\":\"Berrano Gelinlik\",\"description\":\"T\u00fcrkiyenin gelinlik\u00e7isi\",\"publisher\":{\"@id\":\"https:\/\/berranosposa.com\/#organization\"},\"potentialAction\":[{\"@type\":\"SearchAction\",\"target\":{\"@type\":\"EntryPoint\",\"urlTemplate\":\"https:\/\/berranosposa.com\/?s={search_term_string}\"},\"query-input\":\"required name=search_term_string\"}],\"inLanguage\":\"ar\"},{\"@type\":\"Organization\",\"@id\":\"https:\/\/berranosposa.com\/#organization\",\"name\":\"[Arabic] Berrano Gelinlik\",\"url\":\"https:\/\/berranosposa.com\/\",\"logo\":{\"@type\":\"ImageObject\",\"inLanguage\":\"ar\",\"@id\":\"https:\/\/berranosposa.com\/#\/schema\/logo\/image\/\",\"url\":\"https:\/\/berranosposa.com\/wp-content\/uploads\/2021\/03\/logox2-dark.png\",\"contentUrl\":\"https:\/\/berranosposa.com\/wp-content\/uploads\/2021\/03\/logox2-dark.png\",\"width\":506,\"height\":68,\"caption\":\"[Arabic] Berrano Gelinlik\"},\"image\":{\"@id\":\"https:\/\/berranosposa.com\/#\/schema\/logo\/image\/\"},\"sameAs\":[\"https:\/\/www.instagram.com\/berranosposa\/\",\"https:\/\/www.pinterest.com\/berranosposa\",\"https:\/\/www.facebook.com\/berranosposa\/\"]}]}<\/script>\n<!-- \/ Yoast SEO plugin. -->","yoast_head_json":{"title":"[Arabic] Sosyal Sorumluluk - Berrano Gelinlik","description":"Sosyal Sorumluluk %","robots":{"index":"index","follow":"follow","max-snippet":"max-snippet:-1","max-image-preview":"max-image-preview:large","max-video-preview":"max-video-preview:-1"},"canonical":"https:\/\/berranosposa.com\/ar\/sosyal-sorumluluk\/","og_locale":"ar_AR","og_type":"article","og_title":"[Arabic] Sosyal Sorumluluk - Berrano Gelinlik","og_description":"Sosyal Sorumluluk %","og_url":"https:\/\/berranosposa.com\/ar\/sosyal-sorumluluk\/","og_site_name":"Berrano Gelinlik","article_publisher":"https:\/\/www.facebook.com\/berranosposa\/","article_modified_time":"2022-12-30T08:49:45+00:00","og_image":[{"url":"http:\/\/www.akifkasaboglu.com\/dimg\/editor\/HeForShe.png"}],"twitter_card":"summary_large_image","schema":{"@context":"https:\/\/schema.org","@graph":[{"@type":["WebPage","CollectionPage"],"@id":"https:\/\/berranosposa.com\/ar\/sosyal-sorumluluk\/","url":"https:\/\/berranosposa.com\/ar\/sosyal-sorumluluk\/","name":"[Arabic] Sosyal Sorumluluk - Berrano Gelinlik","isPartOf":{"@id":"https:\/\/berranosposa.com\/#website"},"datePublished":"2022-12-28T18:58:36+00:00","dateModified":"2022-12-30T08:49:45+00:00","description":"Sosyal Sorumluluk %","breadcrumb":{"@id":"https:\/\/berranosposa.com\/ar\/sosyal-sorumluluk\/#breadcrumb"},"inLanguage":"ar"},{"@type":"BreadcrumbList","@id":"https:\/\/berranosposa.com\/ar\/sosyal-sorumluluk\/#breadcrumb","itemListElement":[{"@type":"ListItem","position":1,"name":"Home","item":"https:\/\/berranosposa.com\/"},{"@type":"ListItem","position":2,"name":"Sosyal Sorumluluk"}]},{"@type":"WebSite","@id":"https:\/\/berranosposa.com\/#website","url":"https:\/\/berranosposa.com\/","name":"Berrano Gelinlik","description":"T\u00fcrkiyenin gelinlik\u00e7isi","publisher":{"@id":"https:\/\/berranosposa.com\/#organization"},"potentialAction":[{"@type":"SearchAction","target":{"@type":"EntryPoint","urlTemplate":"https:\/\/berranosposa.com\/?s={search_term_string}"},"query-input":"required name=search_term_string"}],"inLanguage":"ar"},{"@type":"Organization","@id":"https:\/\/berranosposa.com\/#organization","name":"[Arabic] Berrano Gelinlik","url":"https:\/\/berranosposa.com\/","logo":{"@type":"ImageObject","inLanguage":"ar","@id":"https:\/\/berranosposa.com\/#\/schema\/logo\/image\/","url":"https:\/\/berranosposa.com\/wp-content\/uploads\/2021\/03\/logox2-dark.png","contentUrl":"https:\/\/berranosposa.com\/wp-content\/uploads\/2021\/03\/logox2-dark.png","width":506,"height":68,"caption":"[Arabic] Berrano Gelinlik"},"image":{"@id":"https:\/\/berranosposa.com\/#\/schema\/logo\/image\/"},"sameAs":["https:\/\/www.instagram.com\/berranosposa\/","https:\/\/www.pinterest.com\/berranosposa","https:\/\/www.facebook.com\/berranosposa\/"]}]}},"_links":{"self":[{"href":"https:\/\/berranosposa.com\/ar\/wp-json\/wp\/v2\/pages\/13926","targetHints":{"allow":["GET"]}}],"collection":[{"href":"https:\/\/berranosposa.com\/ar\/wp-json\/wp\/v2\/pages"}],"about":[{"href":"https:\/\/berranosposa.com\/ar\/wp-json\/wp\/v2\/types\/page"}],"author":[{"embeddable":true,"href":"https:\/\/berranosposa.com\/ar\/wp-json\/wp\/v2\/users\/1"}],"replies":[{"embeddable":true,"href":"https:\/\/berranosposa.com\/ar\/wp-json\/wp\/v2\/comments?post=13926"}],"version-history":[{"count":1,"href":"https:\/\/berranosposa.com\/ar\/wp-json\/wp\/v2\/pages\/13926\/revisions"}],"predecessor-version":[{"id":14017,"href":"https:\/\/berranosposa.com\/ar\/wp-json\/wp\/v2\/pages\/13926\/revisions\/14017"}],"wp:attachment":[{"href":"https:\/\/berranosposa.com\/ar\/wp-json\/wp\/v2\/media?parent=13926"}],"curies":[{"name":"wp","href":"https:\/\/api.w.org\/{rel}","templated":true}]}}