{"id":9223,"date":"2022-10-25T10:19:41","date_gmt":"2022-10-25T10:19:41","guid":{"rendered":"https:\/\/berranosposa.com\/%d8%aa%d9%88%d8%a7%d8%b5%d9%84\/"},"modified":"2022-12-30T10:18:01","modified_gmt":"2022-12-30T10:18:01","slug":"%d8%aa%d9%88%d8%a7%d8%b5%d9%84","status":"publish","type":"page","link":"https:\/\/berranosposa.com\/ar\/%d8%aa%d9%88%d8%a7%d8%b5%d9%84\/","title":{"rendered":"\u062a\u0648\u0627\u0635\u0644"},"content":{"rendered":"[vc_row type=[Arabic] &#8221;full_width_content[Arabic] &#8221; full_screen_row_position=[Arabic] &#8221;middle[Arabic] &#8221; column_margin=[Arabic] &#8221;default[Arabic] &#8221; column_direction=[Arabic] &#8221;default[Arabic] &#8221; column_direction_tablet=[Arabic] &#8221;default[Arabic] &#8221; column_direction_phone=[Arabic] &#8221;default[Arabic] &#8221; bg_color=[Arabic] &#8221;#f9f9f9[Arabic] &#8243; full_height=[Arabic] &#8221;yes[Arabic] &#8221; scene_position=[Arabic] &#8221;center[Arabic] &#8221; text_color=[Arabic] &#8221;dark[Arabic] &#8221; text_align=[Arabic] &#8221;left[Arabic] &#8221; row_border_radius=[Arabic] &#8221;none[Arabic] &#8221; row_border_radius_applies=[Arabic] &#8221;bg[Arabic] &#8221; overflow=[Arabic] &#8221;visible[Arabic] &#8221; overlay_strength=[Arabic] &#8221;0.3[Arabic] &#8243; gradient_direction=[Arabic] &#8221;left_to_right[Arabic] &#8221; shape_divider_position=[Arabic] &#8221;bottom[Arabic] &#8221; bg_image_animation=[Arabic] &#8221;none[Arabic] &#8221; shape_type=[Arabic] &#8221;[Arabic] &#8221;][vc_column column_padding=[Arabic] &#8221;no-extra-padding[Arabic] &#8221; column_padding_tablet=[Arabic] &#8221;inherit[Arabic] &#8221; column_padding_phone=[Arabic] &#8221;inherit[Arabic] &#8221; column_padding_position=[Arabic] &#8221;all[Arabic] &#8221; column_element_direction_desktop=[Arabic] &#8221;default[Arabic] &#8221; column_element_spacing=[Arabic] &#8221;default[Arabic] &#8221; desktop_text_alignment=[Arabic] &#8221;default[Arabic] &#8221; tablet_text_alignment=[Arabic] &#8221;default[Arabic] &#8221; phone_text_alignment=[Arabic] &#8221;default[Arabic] &#8221; background_color_opacity=[Arabic] &#8221;1[Arabic] &#8243; background_hover_color_opacity=[Arabic] &#8221;1[Arabic] &#8243; column_backdrop_filter=[Arabic] &#8221;none[Arabic] &#8221; column_shadow=[Arabic] &#8221;none[Arabic] &#8221; column_border_radius=[Arabic] &#8221;none[Arabic] &#8221; column_link_target=[Arabic] &#8221;_self[Arabic] &#8221; column_position=[Arabic] &#8221;default[Arabic] &#8221; gradient_direction=[Arabic] &#8221;left_to_right[Arabic] &#8221; overlay_strength=[Arabic] &#8221;0.3[Arabic] &#8243; width=[Arabic] &#8221;1\/2[Arabic] &#8243; tablet_width_inherit=[Arabic] &#8221;default[Arabic] &#8221; animation_type=[Arabic] &#8221;default[Arabic] &#8221; bg_image_animation=[Arabic] &#8221;none[Arabic] &#8221; border_type=[Arabic] &#8221;simple[Arabic] &#8221; column_border_width=[Arabic] &#8221;none[Arabic] &#8221; column_border_style=[Arabic] &#8221;solid[Arabic] &#8221;][vc_raw_html el_class=[Arabic] &#8221;map-responsive contact[Arabic] &#8221;]PGlmcmFtZSBzcmM9Imh0dHBzOi8vd3d3Lmdvb2dsZS5jb20vbWFwcy9lbWJlZD9wYj0hMW0xOCExbTEyITFtMyExZDMwNDcuNTQ4MjAyNTgwNTIxITJkMjkuMTkzMjk5MzE1OTExMzUhM2Q0MC4xOTY4NjY5NzkzOTExOSEybTMhMWYwITJmMCEzZjAhM20yITFpMTAyNCEyaTc2OCE0ZjEzLjEhM20zITFtMiExczB4MTRjYTM4NTA2Yzc1MGQzZiUzQTB4NDYwOTVjNGFlNGViYmEwOCEyc0FraWYlMjBLYXNhYm8lQzQlOUZsdSE1ZTAhM20yITFzdHIhMnN0ciE0djE2MTUxOTUzNTM5MzghNW0yITFzdHIhMnN0ciIgd2lkdGg9IjYwMCIgaGVpZ2h0PSI0NTAiIHN0eWxlPSJib3JkZXI6MDsiIGFsbG93ZnVsbHNjcmVlbj0iIiBsb2FkaW5nPSJsYXp5Ij48L2lmcmFtZT4=[\/vc_raw_html][\/vc_column][vc_column column_padding=[Arabic] &#8221;padding-7-percent[Arabic] &#8221; column_padding_tablet=[Arabic] &#8221;inherit[Arabic] &#8221; column_padding_phone=[Arabic] &#8221;inherit[Arabic] &#8221; column_padding_position=[Arabic] &#8221;all[Arabic] &#8221; column_element_direction_desktop=[Arabic] &#8221;default[Arabic] &#8221; column_element_spacing=[Arabic] &#8221;default[Arabic] &#8221; desktop_text_alignment=[Arabic] &#8221;default[Arabic] &#8221; tablet_text_alignment=[Arabic] &#8221;default[Arabic] &#8221; phone_text_alignment=[Arabic] &#8221;default[Arabic] &#8221; background_color_opacity=[Arabic] &#8221;1[Arabic] &#8243; background_hover_color_opacity=[Arabic] &#8221;1[Arabic] &#8243; column_backdrop_filter=[Arabic] &#8221;none[Arabic] &#8221; column_shadow=[Arabic] &#8221;none[Arabic] &#8221; column_border_radius=[Arabic] &#8221;none[Arabic] &#8221; column_link_target=[Arabic] &#8221;_self[Arabic] &#8221; column_position=[Arabic] &#8221;default[Arabic] &#8221; gradient_direction=[Arabic] &#8221;left_to_right[Arabic] &#8221; overlay_strength=[Arabic] &#8221;0.3[Arabic] &#8243; width=[Arabic] &#8221;1\/2[Arabic] &#8243; tablet_width_inherit=[Arabic] &#8221;default[Arabic] &#8221; animation_type=[Arabic] &#8221;default[Arabic] &#8221; bg_image_animation=[Arabic] &#8221;none[Arabic] &#8221; border_type=[Arabic] &#8221;simple[Arabic] &#8221; column_border_width=[Arabic] &#8221;none[Arabic] &#8221; column_border_style=[Arabic] &#8221;solid[Arabic] &#8221;][vc_column_text]KESTEL ORG. KIR\u0130\u015e\u00c7\u0130O\u011eLU CAD. NO: 1 KESTEL BURSA<\/p>\n<p><a href=\"mailto:info@berranosposa.com\">info@berranosposa.com<\/a><\/p>\n<p>0 224 364 68 22<br \/>\n0 543 215 10 70[\/vc_column_text][divider line_type=[Arabic] &#8221;No Line[Arabic] &#8221; custom_height=[Arabic] &#8221;30px[Arabic] &#8221;]\n<div class=\"wpcf7 no-js\" id=\"wpcf7-f4138-o1\" lang=\"tr-TR\" dir=\"ltr\" data-wpcf7-id=\"4138\">\n<div class=\"screen-reader-response\"><p role=\"status\" aria-live=\"polite\" aria-atomic=\"true\"><\/p> <ul><\/ul><\/div>\n<form action=\"\/ar\/wp-json\/wp\/v2\/pages\/9223#wpcf7-f4138-o1\" method=\"post\" class=\"wpcf7-form init\" aria-label=\"\u0130leti\u015fim Formu\" novalidate=\"novalidate\" data-status=\"init\">\n<fieldset class=\"hidden-fields-container\"><input type=\"hidden\" name=\"_wpcf7\" value=\"4138\" \/><input type=\"hidden\" name=\"_wpcf7_version\" value=\"6.1.5\" \/><input type=\"hidden\" name=\"_wpcf7_locale\" value=\"tr_TR\" \/><input type=\"hidden\" name=\"_wpcf7_unit_tag\" value=\"wpcf7-f4138-o1\" \/><input type=\"hidden\" name=\"_wpcf7_container_post\" value=\"0\" \/><input type=\"hidden\" name=\"_wpcf7_posted_data_hash\" value=\"\" \/><input type=\"hidden\" name=\"_wpcf7_recaptcha_response\" value=\"\" \/>\n<\/fieldset>\n<div id=\"responsive-form\" class=\"clearfix\">\n\t<div class=\"form-row\">\n\t\t<div class=\"column-half\">\n\t\t\t<p><span class=\"wpcf7-form-control-wrap\" data-name=\"your-name\"><input size=\"40\" maxlength=\"400\" class=\"wpcf7-form-control wpcf7-text wpcf7-validates-as-required\" aria-required=\"true\" aria-invalid=\"false\" placeholder=\"Ad\u0131n\u0131z *\" value=\"\" type=\"text\" name=\"your-name\" \/><\/span>\n\t\t\t<\/p>\n\t\t<\/div>\n\t\t<div class=\"column-half\">\n\t\t\t<p><span class=\"wpcf7-form-control-wrap\" data-name=\"your-email\"><input size=\"40\" maxlength=\"400\" class=\"wpcf7-form-control wpcf7-email wpcf7-validates-as-required wpcf7-text wpcf7-validates-as-email\" aria-required=\"true\" aria-invalid=\"false\" placeholder=\"Epostan\u0131z *\" value=\"\" type=\"email\" name=\"your-email\" \/><\/span>\n\t\t\t<\/p>\n\t\t<\/div>\n\t<\/div>\n\t<div class=\"form-row\">\n\t\t<div class=\"column-full\">\n\t\t\t<p><span class=\"wpcf7-form-control-wrap\" data-name=\"your-subject\"><input size=\"40\" maxlength=\"400\" class=\"wpcf7-form-control wpcf7-text wpcf7-validates-as-required\" aria-required=\"true\" aria-invalid=\"false\" placeholder=\"Konu *\" value=\"\" type=\"text\" name=\"your-subject\" \/><\/span>\n\t\t\t<\/p>\n\t\t<\/div>\n\t<\/div>\n\t<div class=\"form-row\">\n\t\t<div class=\"column-full\">\n\t\t\t<p><span class=\"wpcf7-form-control-wrap\" data-name=\"your-message\"><textarea cols=\"5\" rows=\"5\" maxlength=\"2000\" class=\"wpcf7-form-control wpcf7-textarea\" aria-invalid=\"false\" placeholder=\"Message\" name=\"your-message\"><\/textarea><\/span>\n\t\t\t<\/p>\n\t\t<\/div>\n\t<\/div>\n\t<div class=\"form-row\">\n\t\t<div class=\"column-full\">\n\t\t\t<p><input class=\"wpcf7-form-control wpcf7-submit has-spinner\" type=\"submit\" value=\"G\u00f6nder\" \/>\n\t\t\t<\/p>\n\t\t<\/div>\n\t<\/div>\n<\/div><input type='hidden' class='wpcf7-pum' value='{\"closepopup\":true,\"closedelay\":4,\"openpopup\":false,\"openpopup_id\":0}' \/><div class=\"wpcf7-response-output\" aria-hidden=\"true\"><\/div>\n<\/form>\n<\/div>\n[\/vc_column][\/vc_row]\n","protected":false},"excerpt":{"rendered":"<p>[vc_row type=[Arabic] &#8221;full_width_content[Arabic] &#8221; full_screen_row_position=[Arabic] &#8221;middle[Arabic] &#8221; column_margin=[Arabic] &#8221;default[Arabic] &#8221; column_direction=[Arabic] &#8221;default[Arabic] &#8221; column_direction_tablet=[Arabic] &#8221;default[Arabic] &#8221; column_direction_phone=[Arabic] &#8221;default[Arabic] &#8221; bg_color=[Arabic] &#8221;#f9f9f9[Arabic] &#8243; full_height=[Arabic] &#8221;yes[Arabic] &#8221;&#8230;<\/p>\n","protected":false},"author":1,"featured_media":0,"parent":0,"menu_order":0,"comment_status":"closed","ping_status":"closed","template":"","meta":{"inline_featured_image":false,"footnotes":""},"class_list":["post-9223","page","type-page","status-publish"],"yoast_head":"<!-- This site is optimized with the Yoast SEO plugin v19.10 - https:\/\/yoast.com\/wordpress\/plugins\/seo\/ -->\n<title>[Arabic] \u062a\u0648\u0627\u0635\u0644 - Berrano Gelinlik<\/title>\n<meta name=\"description\" content=\"\u062a\u0648\u0627\u0635\u0644 %\" \/>\n<meta name=\"robots\" content=\"index, follow, max-snippet:-1, max-image-preview:large, max-video-preview:-1\" \/>\n<link rel=\"canonical\" href=\"https:\/\/berranosposa.com\/iletisim\/\" \/>\n<meta property=\"og:locale\" content=\"ar_AR\" \/>\n<meta property=\"og:type\" content=\"article\" \/>\n<meta property=\"og:title\" content=\"[Arabic] \u062a\u0648\u0627\u0635\u0644 - Berrano Gelinlik\" \/>\n<meta property=\"og:description\" content=\"\u062a\u0648\u0627\u0635\u0644 %\" \/>\n<meta property=\"og:url\" content=\"https:\/\/berranosposa.com\/iletisim\/\" \/>\n<meta property=\"og:site_name\" content=\"Berrano Gelinlik\" \/>\n<meta property=\"article:publisher\" content=\"https:\/\/www.facebook.com\/berranosposa\/\" \/>\n<meta property=\"article:modified_time\" content=\"2022-12-30T10:18:01+00:00\" \/>\n<meta property=\"og:image\" content=\"https:\/\/berranosposa.com\/wp-content\/uploads\/2021\/03\/berrano-Logo-2021-R-SON@4x-100-scaled.jpg\" \/>\n\t<meta property=\"og:image:width\" content=\"2560\" \/>\n\t<meta property=\"og:image:height\" content=\"2168\" \/>\n\t<meta property=\"og:image:type\" content=\"image\/jpeg\" \/>\n<meta name=\"twitter:card\" content=\"summary_large_image\" \/>\n<meta name=\"twitter:label1\" content=\"\u0648\u0642\u062a \u0627\u0644\u0642\u0631\u0627\u0621\u0629 \u0627\u0644\u0645\u064f\u0642\u062f\u0651\u0631\" \/>\n\t<meta name=\"twitter:data1\" content=\"[Arabic] 1 minute\" \/>\n<script type=\"application\/ld+json\" class=\"yoast-schema-graph\">{\"@context\":\"https:\/\/schema.org\",\"@graph\":[{\"@type\":[\"WebPage\",\"CollectionPage\"],\"@id\":\"https:\/\/berranosposa.com\/iletisim\/\",\"url\":\"https:\/\/berranosposa.com\/iletisim\/\",\"name\":\"[Arabic] \u062a\u0648\u0627\u0635\u0644 - Berrano Gelinlik\",\"isPartOf\":{\"@id\":\"https:\/\/berranosposa.com\/#website\"},\"datePublished\":\"2022-10-25T10:19:41+00:00\",\"dateModified\":\"2022-12-30T10:18:01+00:00\",\"description\":\"\u062a\u0648\u0627\u0635\u0644 %\",\"breadcrumb\":{\"@id\":\"https:\/\/berranosposa.com\/iletisim\/#breadcrumb\"},\"inLanguage\":\"ar\"},{\"@type\":\"BreadcrumbList\",\"@id\":\"https:\/\/berranosposa.com\/iletisim\/#breadcrumb\",\"itemListElement\":[{\"@type\":\"ListItem\",\"position\":1,\"name\":\"Home\",\"item\":\"https:\/\/berranosposa.com\/\"},{\"@type\":\"ListItem\",\"position\":2,\"name\":\"\u062a\u0648\u0627\u0635\u0644\"}]},{\"@type\":\"WebSite\",\"@id\":\"https:\/\/berranosposa.com\/#website\",\"url\":\"https:\/\/berranosposa.com\/\",\"name\":\"Berrano Gelinlik\",\"description\":\"T\u00fcrkiyenin gelinlik\u00e7isi\",\"publisher\":{\"@id\":\"https:\/\/berranosposa.com\/#organization\"},\"potentialAction\":[{\"@type\":\"SearchAction\",\"target\":{\"@type\":\"EntryPoint\",\"urlTemplate\":\"https:\/\/berranosposa.com\/?s={search_term_string}\"},\"query-input\":\"required name=search_term_string\"}],\"inLanguage\":\"ar\"},{\"@type\":\"Organization\",\"@id\":\"https:\/\/berranosposa.com\/#organization\",\"name\":\"[Arabic] Berrano Gelinlik\",\"url\":\"https:\/\/berranosposa.com\/\",\"logo\":{\"@type\":\"ImageObject\",\"inLanguage\":\"ar\",\"@id\":\"https:\/\/berranosposa.com\/#\/schema\/logo\/image\/\",\"url\":\"https:\/\/berranosposa.com\/wp-content\/uploads\/2021\/03\/logox2-dark.png\",\"contentUrl\":\"https:\/\/berranosposa.com\/wp-content\/uploads\/2021\/03\/logox2-dark.png\",\"width\":506,\"height\":68,\"caption\":\"[Arabic] Berrano Gelinlik\"},\"image\":{\"@id\":\"https:\/\/berranosposa.com\/#\/schema\/logo\/image\/\"},\"sameAs\":[\"https:\/\/www.instagram.com\/berranosposa\/\",\"https:\/\/www.pinterest.com\/berranosposa\",\"https:\/\/www.facebook.com\/berranosposa\/\"]}]}<\/script>\n<!-- \/ Yoast SEO plugin. -->","yoast_head_json":{"title":"[Arabic] \u062a\u0648\u0627\u0635\u0644 - Berrano Gelinlik","description":"\u062a\u0648\u0627\u0635\u0644 %","robots":{"index":"index","follow":"follow","max-snippet":"max-snippet:-1","max-image-preview":"max-image-preview:large","max-video-preview":"max-video-preview:-1"},"canonical":"https:\/\/berranosposa.com\/iletisim\/","og_locale":"ar_AR","og_type":"article","og_title":"[Arabic] \u062a\u0648\u0627\u0635\u0644 - Berrano Gelinlik","og_description":"\u062a\u0648\u0627\u0635\u0644 %","og_url":"https:\/\/berranosposa.com\/iletisim\/","og_site_name":"Berrano Gelinlik","article_publisher":"https:\/\/www.facebook.com\/berranosposa\/","article_modified_time":"2022-12-30T10:18:01+00:00","og_image":[{"width":2560,"height":2168,"url":"https:\/\/berranosposa.com\/wp-content\/uploads\/2021\/03\/berrano-Logo-2021-R-SON@4x-100-scaled.jpg","type":"image\/jpeg"}],"twitter_card":"summary_large_image","twitter_misc":{"\u0648\u0642\u062a \u0627\u0644\u0642\u0631\u0627\u0621\u0629 \u0627\u0644\u0645\u064f\u0642\u062f\u0651\u0631":"[Arabic] 1 minute"},"schema":{"@context":"https:\/\/schema.org","@graph":[{"@type":["WebPage","CollectionPage"],"@id":"https:\/\/berranosposa.com\/iletisim\/","url":"https:\/\/berranosposa.com\/iletisim\/","name":"[Arabic] \u062a\u0648\u0627\u0635\u0644 - Berrano Gelinlik","isPartOf":{"@id":"https:\/\/berranosposa.com\/#website"},"datePublished":"2022-10-25T10:19:41+00:00","dateModified":"2022-12-30T10:18:01+00:00","description":"\u062a\u0648\u0627\u0635\u0644 %","breadcrumb":{"@id":"https:\/\/berranosposa.com\/iletisim\/#breadcrumb"},"inLanguage":"ar"},{"@type":"BreadcrumbList","@id":"https:\/\/berranosposa.com\/iletisim\/#breadcrumb","itemListElement":[{"@type":"ListItem","position":1,"name":"Home","item":"https:\/\/berranosposa.com\/"},{"@type":"ListItem","position":2,"name":"\u062a\u0648\u0627\u0635\u0644"}]},{"@type":"WebSite","@id":"https:\/\/berranosposa.com\/#website","url":"https:\/\/berranosposa.com\/","name":"Berrano Gelinlik","description":"T\u00fcrkiyenin gelinlik\u00e7isi","publisher":{"@id":"https:\/\/berranosposa.com\/#organization"},"potentialAction":[{"@type":"SearchAction","target":{"@type":"EntryPoint","urlTemplate":"https:\/\/berranosposa.com\/?s={search_term_string}"},"query-input":"required name=search_term_string"}],"inLanguage":"ar"},{"@type":"Organization","@id":"https:\/\/berranosposa.com\/#organization","name":"[Arabic] Berrano Gelinlik","url":"https:\/\/berranosposa.com\/","logo":{"@type":"ImageObject","inLanguage":"ar","@id":"https:\/\/berranosposa.com\/#\/schema\/logo\/image\/","url":"https:\/\/berranosposa.com\/wp-content\/uploads\/2021\/03\/logox2-dark.png","contentUrl":"https:\/\/berranosposa.com\/wp-content\/uploads\/2021\/03\/logox2-dark.png","width":506,"height":68,"caption":"[Arabic] Berrano Gelinlik"},"image":{"@id":"https:\/\/berranosposa.com\/#\/schema\/logo\/image\/"},"sameAs":["https:\/\/www.instagram.com\/berranosposa\/","https:\/\/www.pinterest.com\/berranosposa","https:\/\/www.facebook.com\/berranosposa\/"]}]}},"_links":{"self":[{"href":"https:\/\/berranosposa.com\/ar\/wp-json\/wp\/v2\/pages\/9223","targetHints":{"allow":["GET"]}}],"collection":[{"href":"https:\/\/berranosposa.com\/ar\/wp-json\/wp\/v2\/pages"}],"about":[{"href":"https:\/\/berranosposa.com\/ar\/wp-json\/wp\/v2\/types\/page"}],"author":[{"embeddable":true,"href":"https:\/\/berranosposa.com\/ar\/wp-json\/wp\/v2\/users\/1"}],"replies":[{"embeddable":true,"href":"https:\/\/berranosposa.com\/ar\/wp-json\/wp\/v2\/comments?post=9223"}],"version-history":[{"count":14,"href":"https:\/\/berranosposa.com\/ar\/wp-json\/wp\/v2\/pages\/9223\/revisions"}],"predecessor-version":[{"id":14094,"href":"https:\/\/berranosposa.com\/ar\/wp-json\/wp\/v2\/pages\/9223\/revisions\/14094"}],"wp:attachment":[{"href":"https:\/\/berranosposa.com\/ar\/wp-json\/wp\/v2\/media?parent=9223"}],"curies":[{"name":"wp","href":"https:\/\/api.w.org\/{rel}","templated":true}]}}