{"id":13924,"date":"2022-12-28T18:58:31","date_gmt":"2022-12-28T18:58:31","guid":{"rendered":"https:\/\/berranosposa.com\/degerlerimiz\/"},"modified":"2022-12-30T13:32:57","modified_gmt":"2022-12-30T13:32:57","slug":"degerlerimiz","status":"publish","type":"page","link":"https:\/\/berranosposa.com\/en\/degerlerimiz\/","title":{"rendered":"Our Values"},"content":{"rendered":"<h3 class=\"qodef-m-title\" style=\"padding-left: 320px;\">DE\u011eERLER\u0130M\u0130Z<\/h3>\n<p style=\"padding-left: 320px;\">Our management approach is based on &#8220;respect for people&#8221;. We believe that all of us have the right to have a say and to obtain information on every issue that affects us. We see ourselves as both our right and our duty to develop ourselves up to the highest limit of our personal abilities. We adopt quality as a way of life. Everything we do we aim at the highest level of quality in every product we produce and in every service we offer.We believe that the responsibility brought to us by the participatory management is to work with all our strength in line with the goals and objectives of our organization.We consider careful compliance with the rules of our working order as a requirement of respect for each other. <\/p>\n<p style=\"padding-left: 320px;\"><strong>Respect<br \/>\n<\/strong>We treat our colleagues, customers, suppliers and business partners with respect and sensitivity. We trust each other individually and as a team, and act as members of the same team.\n<\/p>\n<p style=\"padding-left: 320px;\"><strong>Integrity<br \/>\n<\/strong>We adopt to act with goodwill and understanding in all our relationships, and to be honest over continuous benefit. We adopt the principle of fulfilling our responsibilities towards today&#8217;s people and future generations.\n<\/p>\n<p style=\"padding-left: 320px;\"><strong>Innovation<br \/>\n<\/strong>We are constantly innovating in order to meet the expectations and needs of our customers that may arise not only for today but also for the future.\n<\/p>\n<p style=\"padding-left: 320px;\"><strong>Sustainability<br \/>\n<\/strong>We ensure risk reduction with a continuous improvement approach. We produce innovative and creative solutions by considering the efficiency of the markets served. Our R&amp;D and production policy has been established to achieve maximum recycling. Nature-friendly preferences are always our first priority. <\/p>\n<p style=\"padding-left: 320px;\"><strong>Passion<br \/>\n<\/strong>We love being social, sharing, smiling, home and work.<\/p>\n","protected":false},"excerpt":{"rendered":"<p>DE\u011eERLER\u0130M\u0130Z Our management approach is based on &#8220;respect for people&#8221;. We believe that all of us have the right to have a say and to&#8230;<\/p>\n","protected":false},"author":1,"featured_media":0,"parent":0,"menu_order":0,"comment_status":"closed","ping_status":"closed","template":"","meta":{"inline_featured_image":false,"footnotes":""},"class_list":["post-13924","page","type-page","status-publish"],"yoast_head":"<!-- This site is optimized with the Yoast SEO plugin v19.10 - https:\/\/yoast.com\/wordpress\/plugins\/seo\/ -->\n<title>[English] Our Values - Berrano Gelinlik<\/title>\n<meta name=\"description\" content=\"Our Values %\" \/>\n<meta name=\"robots\" content=\"index, follow, max-snippet:-1, max-image-preview:large, max-video-preview:-1\" \/>\n<link rel=\"canonical\" href=\"https:\/\/berranosposa.com\/en\/degerlerimiz\/\" \/>\n<meta property=\"og:locale\" content=\"en_US\" \/>\n<meta property=\"og:type\" content=\"article\" \/>\n<meta property=\"og:title\" content=\"[English] Our Values - Berrano Gelinlik\" \/>\n<meta property=\"og:description\" content=\"Our Values %\" \/>\n<meta property=\"og:url\" content=\"https:\/\/berranosposa.com\/en\/degerlerimiz\/\" \/>\n<meta property=\"og:site_name\" content=\"Berrano Gelinlik\" \/>\n<meta property=\"article:publisher\" content=\"https:\/\/www.facebook.com\/berranosposa\/\" \/>\n<meta property=\"article:modified_time\" content=\"2022-12-30T13:32:57+00:00\" \/>\n<meta property=\"og:image\" content=\"https:\/\/berranosposa.com\/wp-content\/uploads\/2021\/03\/berrano-Logo-2021-R-SON@4x-100-scaled.jpg\" \/>\n\t<meta property=\"og:image:width\" content=\"2560\" \/>\n\t<meta property=\"og:image:height\" content=\"2168\" \/>\n\t<meta property=\"og:image:type\" content=\"image\/jpeg\" \/>\n<meta name=\"twitter:card\" content=\"summary_large_image\" \/>\n<meta name=\"twitter:label1\" content=\"Est. reading time\" \/>\n\t<meta name=\"twitter:data1\" content=\"1 minute\" \/>\n<script type=\"application\/ld+json\" class=\"yoast-schema-graph\">{\"@context\":\"https:\/\/schema.org\",\"@graph\":[{\"@type\":[\"WebPage\",\"CollectionPage\"],\"@id\":\"https:\/\/berranosposa.com\/en\/degerlerimiz\/\",\"url\":\"https:\/\/berranosposa.com\/en\/degerlerimiz\/\",\"name\":\"[English] Our Values - Berrano Gelinlik\",\"isPartOf\":{\"@id\":\"https:\/\/berranosposa.com\/#website\"},\"datePublished\":\"2022-12-28T18:58:31+00:00\",\"dateModified\":\"2022-12-30T13:32:57+00:00\",\"description\":\"Our Values %\",\"breadcrumb\":{\"@id\":\"https:\/\/berranosposa.com\/en\/degerlerimiz\/#breadcrumb\"},\"inLanguage\":\"en-US\"},{\"@type\":\"BreadcrumbList\",\"@id\":\"https:\/\/berranosposa.com\/en\/degerlerimiz\/#breadcrumb\",\"itemListElement\":[{\"@type\":\"ListItem\",\"position\":1,\"name\":\"Home\",\"item\":\"https:\/\/berranosposa.com\/\"},{\"@type\":\"ListItem\",\"position\":2,\"name\":\"Our Values\"}]},{\"@type\":\"WebSite\",\"@id\":\"https:\/\/berranosposa.com\/#website\",\"url\":\"https:\/\/berranosposa.com\/\",\"name\":\"Berrano Gelinlik\",\"description\":\"T\u00fcrkiyenin gelinlik\u00e7isi\",\"publisher\":{\"@id\":\"https:\/\/berranosposa.com\/#organization\"},\"potentialAction\":[{\"@type\":\"SearchAction\",\"target\":{\"@type\":\"EntryPoint\",\"urlTemplate\":\"https:\/\/berranosposa.com\/?s={search_term_string}\"},\"query-input\":\"required name=search_term_string\"}],\"inLanguage\":\"en-US\"},{\"@type\":\"Organization\",\"@id\":\"https:\/\/berranosposa.com\/#organization\",\"name\":\"[English] Berrano Gelinlik\",\"url\":\"https:\/\/berranosposa.com\/\",\"logo\":{\"@type\":\"ImageObject\",\"inLanguage\":\"en-US\",\"@id\":\"https:\/\/berranosposa.com\/#\/schema\/logo\/image\/\",\"url\":\"https:\/\/berranosposa.com\/wp-content\/uploads\/2021\/03\/logox2-dark.png\",\"contentUrl\":\"https:\/\/berranosposa.com\/wp-content\/uploads\/2021\/03\/logox2-dark.png\",\"width\":506,\"height\":68,\"caption\":\"[English] Berrano Gelinlik\"},\"image\":{\"@id\":\"https:\/\/berranosposa.com\/#\/schema\/logo\/image\/\"},\"sameAs\":[\"https:\/\/www.instagram.com\/berranosposa\/\",\"https:\/\/www.pinterest.com\/berranosposa\",\"https:\/\/www.facebook.com\/berranosposa\/\"]}]}<\/script>\n<!-- \/ Yoast SEO plugin. -->","yoast_head_json":{"title":"[English] Our Values - Berrano Gelinlik","description":"Our Values %","robots":{"index":"index","follow":"follow","max-snippet":"max-snippet:-1","max-image-preview":"max-image-preview:large","max-video-preview":"max-video-preview:-1"},"canonical":"https:\/\/berranosposa.com\/en\/degerlerimiz\/","og_locale":"en_US","og_type":"article","og_title":"[English] Our Values - Berrano Gelinlik","og_description":"Our Values %","og_url":"https:\/\/berranosposa.com\/en\/degerlerimiz\/","og_site_name":"Berrano Gelinlik","article_publisher":"https:\/\/www.facebook.com\/berranosposa\/","article_modified_time":"2022-12-30T13:32:57+00:00","og_image":[{"width":2560,"height":2168,"url":"https:\/\/berranosposa.com\/wp-content\/uploads\/2021\/03\/berrano-Logo-2021-R-SON@4x-100-scaled.jpg","type":"image\/jpeg"}],"twitter_card":"summary_large_image","twitter_misc":{"Est. reading time":"1 minute"},"schema":{"@context":"https:\/\/schema.org","@graph":[{"@type":["WebPage","CollectionPage"],"@id":"https:\/\/berranosposa.com\/en\/degerlerimiz\/","url":"https:\/\/berranosposa.com\/en\/degerlerimiz\/","name":"[English] Our Values - Berrano Gelinlik","isPartOf":{"@id":"https:\/\/berranosposa.com\/#website"},"datePublished":"2022-12-28T18:58:31+00:00","dateModified":"2022-12-30T13:32:57+00:00","description":"Our Values %","breadcrumb":{"@id":"https:\/\/berranosposa.com\/en\/degerlerimiz\/#breadcrumb"},"inLanguage":"en-US"},{"@type":"BreadcrumbList","@id":"https:\/\/berranosposa.com\/en\/degerlerimiz\/#breadcrumb","itemListElement":[{"@type":"ListItem","position":1,"name":"Home","item":"https:\/\/berranosposa.com\/"},{"@type":"ListItem","position":2,"name":"Our Values"}]},{"@type":"WebSite","@id":"https:\/\/berranosposa.com\/#website","url":"https:\/\/berranosposa.com\/","name":"Berrano Gelinlik","description":"T\u00fcrkiyenin gelinlik\u00e7isi","publisher":{"@id":"https:\/\/berranosposa.com\/#organization"},"potentialAction":[{"@type":"SearchAction","target":{"@type":"EntryPoint","urlTemplate":"https:\/\/berranosposa.com\/?s={search_term_string}"},"query-input":"required name=search_term_string"}],"inLanguage":"en-US"},{"@type":"Organization","@id":"https:\/\/berranosposa.com\/#organization","name":"[English] Berrano Gelinlik","url":"https:\/\/berranosposa.com\/","logo":{"@type":"ImageObject","inLanguage":"en-US","@id":"https:\/\/berranosposa.com\/#\/schema\/logo\/image\/","url":"https:\/\/berranosposa.com\/wp-content\/uploads\/2021\/03\/logox2-dark.png","contentUrl":"https:\/\/berranosposa.com\/wp-content\/uploads\/2021\/03\/logox2-dark.png","width":506,"height":68,"caption":"[English] Berrano Gelinlik"},"image":{"@id":"https:\/\/berranosposa.com\/#\/schema\/logo\/image\/"},"sameAs":["https:\/\/www.instagram.com\/berranosposa\/","https:\/\/www.pinterest.com\/berranosposa","https:\/\/www.facebook.com\/berranosposa\/"]}]}},"_links":{"self":[{"href":"https:\/\/berranosposa.com\/en\/wp-json\/wp\/v2\/pages\/13924","targetHints":{"allow":["GET"]}}],"collection":[{"href":"https:\/\/berranosposa.com\/en\/wp-json\/wp\/v2\/pages"}],"about":[{"href":"https:\/\/berranosposa.com\/en\/wp-json\/wp\/v2\/types\/page"}],"author":[{"embeddable":true,"href":"https:\/\/berranosposa.com\/en\/wp-json\/wp\/v2\/users\/1"}],"replies":[{"embeddable":true,"href":"https:\/\/berranosposa.com\/en\/wp-json\/wp\/v2\/comments?post=13924"}],"version-history":[{"count":2,"href":"https:\/\/berranosposa.com\/en\/wp-json\/wp\/v2\/pages\/13924\/revisions"}],"predecessor-version":[{"id":14205,"href":"https:\/\/berranosposa.com\/en\/wp-json\/wp\/v2\/pages\/13924\/revisions\/14205"}],"wp:attachment":[{"href":"https:\/\/berranosposa.com\/en\/wp-json\/wp\/v2\/media?parent=13924"}],"curies":[{"name":"wp","href":"https:\/\/api.w.org\/{rel}","templated":true}]}}