{"id":9226,"date":"2022-10-25T10:19:43","date_gmt":"2022-10-25T10:19:43","guid":{"rendered":"https:\/\/berranosposa.com\/%d0%ba%d0%be%d0%bc%d0%bc%d1%83%d0%bd%d0%b8%d0%ba%d0%b0%d1%86%d0%b8%d1%8f\/"},"modified":"2022-12-16T11:08:15","modified_gmt":"2022-12-16T11:08:15","slug":"%d0%ba%d0%be%d0%bc%d0%bc%d1%83%d0%bd%d0%b8%d0%ba%d0%b0%d1%86%d0%b8%d1%8f","status":"publish","type":"page","link":"https:\/\/berranosposa.com\/ru\/%d0%ba%d0%be%d0%bc%d0%bc%d1%83%d0%bd%d0%b8%d0%ba%d0%b0%d1%86%d0%b8%d1%8f\/","title":{"rendered":"\u041a\u043e\u043c\u043c\u0443\u043d\u0438\u043a\u0430\u0446\u0438\u044f"},"content":{"rendered":"[vc_row type=[Russian] &#8221;full_width_content[Russian] &#8221; full_screen_row_position=[Russian] &#8221;middle[Russian] &#8221; column_margin=[Russian] &#8221;default[Russian] &#8221; column_direction=[Russian] &#8221;default[Russian] &#8221; column_direction_tablet=[Russian] &#8221;default[Russian] &#8221; column_direction_phone=[Russian] &#8221;default[Russian] &#8221; bg_color=[Russian] &#8221;#f9f9f9[Russian] &#8243; full_height=[Russian] &#8221;yes[Russian] &#8221; scene_position=[Russian] &#8221;center[Russian] &#8221; text_color=[Russian] &#8221;dark[Russian] &#8221; text_align=[Russian] &#8221;left[Russian] &#8221; row_border_radius=[Russian] &#8221;none[Russian] &#8221; row_border_radius_applies=[Russian] &#8221;bg[Russian] &#8221; overflow=[Russian] &#8221;visible[Russian] &#8221; overlay_strength=[Russian] &#8221;0.3[Russian] &#8243; gradient_direction=[Russian] &#8221;left_to_right[Russian] &#8221; shape_divider_position=[Russian] &#8221;bottom[Russian] &#8221; bg_image_animation=[Russian] &#8221;none[Russian] &#8221; shape_type=[Russian] &#8221;[Russian] &#8221;][vc_column column_padding=[Russian] &#8221;no-extra-padding[Russian] &#8221; column_padding_tablet=[Russian] &#8221;inherit[Russian] &#8221; column_padding_phone=[Russian] &#8221;inherit[Russian] &#8221; column_padding_position=[Russian] &#8221;all[Russian] &#8221; column_element_direction_desktop=[Russian] &#8221;default[Russian] &#8221; column_element_spacing=[Russian] &#8221;default[Russian] &#8221; desktop_text_alignment=[Russian] &#8221;default[Russian] &#8221; tablet_text_alignment=[Russian] &#8221;default[Russian] &#8221; phone_text_alignment=[Russian] &#8221;default[Russian] &#8221; background_color_opacity=[Russian] &#8221;1[Russian] &#8243; background_hover_color_opacity=[Russian] &#8221;1[Russian] &#8243; column_backdrop_filter=[Russian] &#8221;none[Russian] &#8221; column_shadow=[Russian] &#8221;none[Russian] &#8221; column_border_radius=[Russian] &#8221;none[Russian] &#8221; column_link_target=[Russian] &#8221;_self[Russian] &#8221; column_position=[Russian] &#8221;default[Russian] &#8221; gradient_direction=[Russian] &#8221;left_to_right[Russian] &#8221; overlay_strength=[Russian] &#8221;0.3[Russian] &#8243; width=[Russian] &#8221;1\/2[Russian] &#8243; tablet_width_inherit=[Russian] &#8221;default[Russian] &#8221; animation_type=[Russian] &#8221;default[Russian] &#8221; bg_image_animation=[Russian] &#8221;none[Russian] &#8221; border_type=[Russian] &#8221;simple[Russian] &#8221; column_border_width=[Russian] &#8221;none[Russian] &#8221; column_border_style=[Russian] &#8221;solid[Russian] &#8221;][vc_raw_html el_class=[Russian] &#8221;map-responsive contact[Russian] &#8221;]PGlmcmFtZSBzcmM9Imh0dHBzOi8vd3d3Lmdvb2dsZS5jb20vbWFwcy9lbWJlZD9wYj0hMW0xOCExbTEyITFtMyExZDMwNDcuNTQ4MjAyNTgwNTIxITJkMjkuMTkzMjk5MzE1OTExMzUhM2Q0MC4xOTY4NjY5NzkzOTExOSEybTMhMWYwITJmMCEzZjAhM20yITFpMTAyNCEyaTc2OCE0ZjEzLjEhM20zITFtMiExczB4MTRjYTM4NTA2Yzc1MGQzZiUzQTB4NDYwOTVjNGFlNGViYmEwOCEyc0FraWYlMjBLYXNhYm8lQzQlOUZsdSE1ZTAhM20yITFzdHIhMnN0ciE0djE2MTUxOTUzNTM5MzghNW0yITFzdHIhMnN0ciIgd2lkdGg9IjYwMCIgaGVpZ2h0PSI0NTAiIHN0eWxlPSJib3JkZXI6MDsiIGFsbG93ZnVsbHNjcmVlbj0iIiBsb2FkaW5nPSJsYXp5Ij48L2lmcmFtZT4=[\/vc_raw_html][\/vc_column][vc_column column_padding=[Russian] &#8221;padding-7-percent[Russian] &#8221; column_padding_tablet=[Russian] &#8221;inherit[Russian] &#8221; column_padding_phone=[Russian] &#8221;inherit[Russian] &#8221; column_padding_position=[Russian] &#8221;all[Russian] &#8221; column_element_direction_desktop=[Russian] &#8221;default[Russian] &#8221; column_element_spacing=[Russian] &#8221;default[Russian] &#8221; desktop_text_alignment=[Russian] &#8221;default[Russian] &#8221; tablet_text_alignment=[Russian] &#8221;default[Russian] &#8221; phone_text_alignment=[Russian] &#8221;default[Russian] &#8221; background_color_opacity=[Russian] &#8221;1[Russian] &#8243; background_hover_color_opacity=[Russian] &#8221;1[Russian] &#8243; column_backdrop_filter=[Russian] &#8221;none[Russian] &#8221; column_shadow=[Russian] &#8221;none[Russian] &#8221; column_border_radius=[Russian] &#8221;none[Russian] &#8221; column_link_target=[Russian] &#8221;_self[Russian] &#8221; column_position=[Russian] &#8221;default[Russian] &#8221; gradient_direction=[Russian] &#8221;left_to_right[Russian] &#8221; overlay_strength=[Russian] &#8221;0.3[Russian] &#8243; width=[Russian] &#8221;1\/2[Russian] &#8243; tablet_width_inherit=[Russian] &#8221;default[Russian] &#8221; animation_type=[Russian] &#8221;default[Russian] &#8221; bg_image_animation=[Russian] &#8221;none[Russian] &#8221; border_type=[Russian] &#8221;simple[Russian] &#8221; column_border_width=[Russian] &#8221;none[Russian] &#8221; column_border_style=[Russian] &#8221;solid[Russian] &#8221;][vc_column_text]KESTEL ORG. \u041f\u0415\u0422\u042c. REGION KIR\u0130\u015e\u00c7\u0130O\u011eLU CAD. NO: 1 KESTEL BURSA<\/p>\n<p><a href=\"mailto:info@berranosposa.com\">info@berranosposa.com<\/a><\/p>\n<p>0 224 364 68 22<br \/>\n0 543 215 10 70[\/vc_column_text][divider line_type=[Russian] &#8221;No Line[Russian] &#8221; custom_height=[Russian] &#8221;30px[Russian] &#8221;]\n<div class=\"wpcf7 no-js\" id=\"wpcf7-f4138-o1\" lang=\"tr-TR\" dir=\"ltr\" data-wpcf7-id=\"4138\">\n<div class=\"screen-reader-response\"><p role=\"status\" aria-live=\"polite\" aria-atomic=\"true\"><\/p> <ul><\/ul><\/div>\n<form action=\"\/ru\/wp-json\/wp\/v2\/pages\/9226#wpcf7-f4138-o1\" method=\"post\" class=\"wpcf7-form init\" aria-label=\"\u0130leti\u015fim Formu\" novalidate=\"novalidate\" data-status=\"init\">\n<fieldset class=\"hidden-fields-container\"><input type=\"hidden\" name=\"_wpcf7\" value=\"4138\" \/><input type=\"hidden\" name=\"_wpcf7_version\" value=\"6.1.5\" \/><input type=\"hidden\" name=\"_wpcf7_locale\" value=\"tr_TR\" \/><input type=\"hidden\" name=\"_wpcf7_unit_tag\" value=\"wpcf7-f4138-o1\" \/><input type=\"hidden\" name=\"_wpcf7_container_post\" value=\"0\" \/><input type=\"hidden\" name=\"_wpcf7_posted_data_hash\" value=\"\" \/><input type=\"hidden\" name=\"_wpcf7_recaptcha_response\" value=\"\" \/>\n<\/fieldset>\n<div id=\"responsive-form\" class=\"clearfix\">\n\t<div class=\"form-row\">\n\t\t<div class=\"column-half\">\n\t\t\t<p><span class=\"wpcf7-form-control-wrap\" data-name=\"your-name\"><input size=\"40\" maxlength=\"400\" class=\"wpcf7-form-control wpcf7-text wpcf7-validates-as-required\" aria-required=\"true\" aria-invalid=\"false\" placeholder=\"Ad\u0131n\u0131z *\" value=\"\" type=\"text\" name=\"your-name\" \/><\/span>\n\t\t\t<\/p>\n\t\t<\/div>\n\t\t<div class=\"column-half\">\n\t\t\t<p><span class=\"wpcf7-form-control-wrap\" data-name=\"your-email\"><input size=\"40\" maxlength=\"400\" class=\"wpcf7-form-control wpcf7-email wpcf7-validates-as-required wpcf7-text wpcf7-validates-as-email\" aria-required=\"true\" aria-invalid=\"false\" placeholder=\"Epostan\u0131z *\" value=\"\" type=\"email\" name=\"your-email\" \/><\/span>\n\t\t\t<\/p>\n\t\t<\/div>\n\t<\/div>\n\t<div class=\"form-row\">\n\t\t<div class=\"column-full\">\n\t\t\t<p><span class=\"wpcf7-form-control-wrap\" data-name=\"your-subject\"><input size=\"40\" maxlength=\"400\" class=\"wpcf7-form-control wpcf7-text wpcf7-validates-as-required\" aria-required=\"true\" aria-invalid=\"false\" placeholder=\"Konu *\" value=\"\" type=\"text\" name=\"your-subject\" \/><\/span>\n\t\t\t<\/p>\n\t\t<\/div>\n\t<\/div>\n\t<div class=\"form-row\">\n\t\t<div class=\"column-full\">\n\t\t\t<p><span class=\"wpcf7-form-control-wrap\" data-name=\"your-message\"><textarea cols=\"5\" rows=\"5\" maxlength=\"2000\" class=\"wpcf7-form-control wpcf7-textarea\" aria-invalid=\"false\" placeholder=\"Message\" name=\"your-message\"><\/textarea><\/span>\n\t\t\t<\/p>\n\t\t<\/div>\n\t<\/div>\n\t<div class=\"form-row\">\n\t\t<div class=\"column-full\">\n\t\t\t<p><input class=\"wpcf7-form-control wpcf7-submit has-spinner\" type=\"submit\" value=\"G\u00f6nder\" \/>\n\t\t\t<\/p>\n\t\t<\/div>\n\t<\/div>\n<\/div><input type='hidden' class='wpcf7-pum' value='{\"closepopup\":true,\"closedelay\":4,\"openpopup\":false,\"openpopup_id\":0}' \/><div class=\"wpcf7-response-output\" aria-hidden=\"true\"><\/div>\n<\/form>\n<\/div>\n[\/vc_column][\/vc_row]\n","protected":false},"excerpt":{"rendered":"<p>[vc_row type=[Russian] &#8221;full_width_content[Russian] &#8221; full_screen_row_position=[Russian] &#8221;middle[Russian] &#8221; column_margin=[Russian] &#8221;default[Russian] &#8221; column_direction=[Russian] &#8221;default[Russian] &#8221; column_direction_tablet=[Russian] &#8221;default[Russian] &#8221; column_direction_phone=[Russian] &#8221;default[Russian] &#8221; bg_color=[Russian] &#8221;#f9f9f9[Russian] &#8243; full_height=[Russian] &#8221;yes[Russian] &#8221;&#8230;<\/p>\n","protected":false},"author":1,"featured_media":0,"parent":0,"menu_order":0,"comment_status":"closed","ping_status":"closed","template":"","meta":{"inline_featured_image":false,"footnotes":""},"class_list":["post-9226","page","type-page","status-publish"],"yoast_head":"<!-- This site is optimized with the Yoast SEO plugin v19.10 - https:\/\/yoast.com\/wordpress\/plugins\/seo\/ -->\n<title>[Russian] \u041a\u043e\u043c\u043c\u0443\u043d\u0438\u043a\u0430\u0446\u0438\u044f - Berrano Gelinlik<\/title>\n<meta name=\"description\" content=\"\u041a\u043e\u043c\u043c\u0443\u043d\u0438\u043a\u0430\u0446\u0438\u044f %\" \/>\n<meta name=\"robots\" content=\"index, follow, max-snippet:-1, max-image-preview:large, max-video-preview:-1\" \/>\n<link rel=\"canonical\" href=\"https:\/\/berranosposa.com\/ru\/\u043a\u043e\u043c\u043c\u0443\u043d\u0438\u043a\u0430\u0446\u0438\u044f\/\" \/>\n<meta property=\"og:locale\" content=\"ru_RU\" \/>\n<meta property=\"og:type\" content=\"article\" \/>\n<meta property=\"og:title\" content=\"[Russian] \u041a\u043e\u043c\u043c\u0443\u043d\u0438\u043a\u0430\u0446\u0438\u044f - Berrano Gelinlik\" \/>\n<meta property=\"og:description\" content=\"\u041a\u043e\u043c\u043c\u0443\u043d\u0438\u043a\u0430\u0446\u0438\u044f %\" \/>\n<meta property=\"og:url\" content=\"https:\/\/berranosposa.com\/ru\/\u043a\u043e\u043c\u043c\u0443\u043d\u0438\u043a\u0430\u0446\u0438\u044f\/\" \/>\n<meta property=\"og:site_name\" content=\"Berrano Gelinlik\" \/>\n<meta property=\"article:publisher\" content=\"https:\/\/www.facebook.com\/berranosposa\/\" \/>\n<meta property=\"article:modified_time\" content=\"2022-12-16T11:08:15+00:00\" \/>\n<meta property=\"og:image\" content=\"https:\/\/berranosposa.com\/wp-content\/uploads\/2021\/03\/berrano-Logo-2021-R-SON@4x-100-scaled.jpg\" \/>\n\t<meta property=\"og:image:width\" content=\"2560\" \/>\n\t<meta property=\"og:image:height\" content=\"2168\" \/>\n\t<meta property=\"og:image:type\" content=\"image\/jpeg\" \/>\n<meta name=\"twitter:card\" content=\"summary_large_image\" \/>\n<meta name=\"twitter:label1\" content=\"\u041f\u0440\u0438\u043c\u0435\u0440\u043d\u043e\u0435 \u0432\u0440\u0435\u043c\u044f \u0434\u043b\u044f \u0447\u0442\u0435\u043d\u0438\u044f\" \/>\n\t<meta name=\"twitter:data1\" content=\"[Russian] 1 minute\" \/>\n<script type=\"application\/ld+json\" class=\"yoast-schema-graph\">{\"@context\":\"https:\/\/schema.org\",\"@graph\":[{\"@type\":[\"WebPage\",\"CollectionPage\"],\"@id\":\"https:\/\/berranosposa.com\/ru\/%d0%ba%d0%be%d0%bc%d0%bc%d1%83%d0%bd%d0%b8%d0%ba%d0%b0%d1%86%d0%b8%d1%8f\/\",\"url\":\"https:\/\/berranosposa.com\/ru\/%d0%ba%d0%be%d0%bc%d0%bc%d1%83%d0%bd%d0%b8%d0%ba%d0%b0%d1%86%d0%b8%d1%8f\/\",\"name\":\"[Russian] \u041a\u043e\u043c\u043c\u0443\u043d\u0438\u043a\u0430\u0446\u0438\u044f - Berrano Gelinlik\",\"isPartOf\":{\"@id\":\"https:\/\/berranosposa.com\/#website\"},\"datePublished\":\"2022-10-25T10:19:43+00:00\",\"dateModified\":\"2022-12-16T11:08:15+00:00\",\"description\":\"\u041a\u043e\u043c\u043c\u0443\u043d\u0438\u043a\u0430\u0446\u0438\u044f %\",\"breadcrumb\":{\"@id\":\"https:\/\/berranosposa.com\/ru\/%d0%ba%d0%be%d0%bc%d0%bc%d1%83%d0%bd%d0%b8%d0%ba%d0%b0%d1%86%d0%b8%d1%8f\/#breadcrumb\"},\"inLanguage\":\"ru-RU\"},{\"@type\":\"BreadcrumbList\",\"@id\":\"https:\/\/berranosposa.com\/ru\/%d0%ba%d0%be%d0%bc%d0%bc%d1%83%d0%bd%d0%b8%d0%ba%d0%b0%d1%86%d0%b8%d1%8f\/#breadcrumb\",\"itemListElement\":[{\"@type\":\"ListItem\",\"position\":1,\"name\":\"Home\",\"item\":\"https:\/\/berranosposa.com\/\"},{\"@type\":\"ListItem\",\"position\":2,\"name\":\"\u041a\u043e\u043c\u043c\u0443\u043d\u0438\u043a\u0430\u0446\u0438\u044f\"}]},{\"@type\":\"WebSite\",\"@id\":\"https:\/\/berranosposa.com\/#website\",\"url\":\"https:\/\/berranosposa.com\/\",\"name\":\"Berrano Gelinlik\",\"description\":\"T\u00fcrkiyenin gelinlik\u00e7isi\",\"publisher\":{\"@id\":\"https:\/\/berranosposa.com\/#organization\"},\"potentialAction\":[{\"@type\":\"SearchAction\",\"target\":{\"@type\":\"EntryPoint\",\"urlTemplate\":\"https:\/\/berranosposa.com\/?s={search_term_string}\"},\"query-input\":\"required name=search_term_string\"}],\"inLanguage\":\"ru-RU\"},{\"@type\":\"Organization\",\"@id\":\"https:\/\/berranosposa.com\/#organization\",\"name\":\"[Russian] Berrano Gelinlik\",\"url\":\"https:\/\/berranosposa.com\/\",\"logo\":{\"@type\":\"ImageObject\",\"inLanguage\":\"ru-RU\",\"@id\":\"https:\/\/berranosposa.com\/#\/schema\/logo\/image\/\",\"url\":\"https:\/\/berranosposa.com\/wp-content\/uploads\/2021\/03\/logox2-dark.png\",\"contentUrl\":\"https:\/\/berranosposa.com\/wp-content\/uploads\/2021\/03\/logox2-dark.png\",\"width\":506,\"height\":68,\"caption\":\"[Russian] Berrano Gelinlik\"},\"image\":{\"@id\":\"https:\/\/berranosposa.com\/#\/schema\/logo\/image\/\"},\"sameAs\":[\"https:\/\/www.instagram.com\/berranosposa\/\",\"https:\/\/www.pinterest.com\/berranosposa\",\"https:\/\/www.facebook.com\/berranosposa\/\"]}]}<\/script>\n<!-- \/ Yoast SEO plugin. -->","yoast_head_json":{"title":"[Russian] \u041a\u043e\u043c\u043c\u0443\u043d\u0438\u043a\u0430\u0446\u0438\u044f - Berrano Gelinlik","description":"\u041a\u043e\u043c\u043c\u0443\u043d\u0438\u043a\u0430\u0446\u0438\u044f %","robots":{"index":"index","follow":"follow","max-snippet":"max-snippet:-1","max-image-preview":"max-image-preview:large","max-video-preview":"max-video-preview:-1"},"canonical":"https:\/\/berranosposa.com\/ru\/\u043a\u043e\u043c\u043c\u0443\u043d\u0438\u043a\u0430\u0446\u0438\u044f\/","og_locale":"ru_RU","og_type":"article","og_title":"[Russian] \u041a\u043e\u043c\u043c\u0443\u043d\u0438\u043a\u0430\u0446\u0438\u044f - Berrano Gelinlik","og_description":"\u041a\u043e\u043c\u043c\u0443\u043d\u0438\u043a\u0430\u0446\u0438\u044f %","og_url":"https:\/\/berranosposa.com\/ru\/\u043a\u043e\u043c\u043c\u0443\u043d\u0438\u043a\u0430\u0446\u0438\u044f\/","og_site_name":"Berrano Gelinlik","article_publisher":"https:\/\/www.facebook.com\/berranosposa\/","article_modified_time":"2022-12-16T11:08:15+00:00","og_image":[{"width":2560,"height":2168,"url":"https:\/\/berranosposa.com\/wp-content\/uploads\/2021\/03\/berrano-Logo-2021-R-SON@4x-100-scaled.jpg","type":"image\/jpeg"}],"twitter_card":"summary_large_image","twitter_misc":{"\u041f\u0440\u0438\u043c\u0435\u0440\u043d\u043e\u0435 \u0432\u0440\u0435\u043c\u044f \u0434\u043b\u044f \u0447\u0442\u0435\u043d\u0438\u044f":"[Russian] 1 minute"},"schema":{"@context":"https:\/\/schema.org","@graph":[{"@type":["WebPage","CollectionPage"],"@id":"https:\/\/berranosposa.com\/ru\/%d0%ba%d0%be%d0%bc%d0%bc%d1%83%d0%bd%d0%b8%d0%ba%d0%b0%d1%86%d0%b8%d1%8f\/","url":"https:\/\/berranosposa.com\/ru\/%d0%ba%d0%be%d0%bc%d0%bc%d1%83%d0%bd%d0%b8%d0%ba%d0%b0%d1%86%d0%b8%d1%8f\/","name":"[Russian] \u041a\u043e\u043c\u043c\u0443\u043d\u0438\u043a\u0430\u0446\u0438\u044f - Berrano Gelinlik","isPartOf":{"@id":"https:\/\/berranosposa.com\/#website"},"datePublished":"2022-10-25T10:19:43+00:00","dateModified":"2022-12-16T11:08:15+00:00","description":"\u041a\u043e\u043c\u043c\u0443\u043d\u0438\u043a\u0430\u0446\u0438\u044f %","breadcrumb":{"@id":"https:\/\/berranosposa.com\/ru\/%d0%ba%d0%be%d0%bc%d0%bc%d1%83%d0%bd%d0%b8%d0%ba%d0%b0%d1%86%d0%b8%d1%8f\/#breadcrumb"},"inLanguage":"ru-RU"},{"@type":"BreadcrumbList","@id":"https:\/\/berranosposa.com\/ru\/%d0%ba%d0%be%d0%bc%d0%bc%d1%83%d0%bd%d0%b8%d0%ba%d0%b0%d1%86%d0%b8%d1%8f\/#breadcrumb","itemListElement":[{"@type":"ListItem","position":1,"name":"Home","item":"https:\/\/berranosposa.com\/"},{"@type":"ListItem","position":2,"name":"\u041a\u043e\u043c\u043c\u0443\u043d\u0438\u043a\u0430\u0446\u0438\u044f"}]},{"@type":"WebSite","@id":"https:\/\/berranosposa.com\/#website","url":"https:\/\/berranosposa.com\/","name":"Berrano Gelinlik","description":"T\u00fcrkiyenin gelinlik\u00e7isi","publisher":{"@id":"https:\/\/berranosposa.com\/#organization"},"potentialAction":[{"@type":"SearchAction","target":{"@type":"EntryPoint","urlTemplate":"https:\/\/berranosposa.com\/?s={search_term_string}"},"query-input":"required name=search_term_string"}],"inLanguage":"ru-RU"},{"@type":"Organization","@id":"https:\/\/berranosposa.com\/#organization","name":"[Russian] Berrano Gelinlik","url":"https:\/\/berranosposa.com\/","logo":{"@type":"ImageObject","inLanguage":"ru-RU","@id":"https:\/\/berranosposa.com\/#\/schema\/logo\/image\/","url":"https:\/\/berranosposa.com\/wp-content\/uploads\/2021\/03\/logox2-dark.png","contentUrl":"https:\/\/berranosposa.com\/wp-content\/uploads\/2021\/03\/logox2-dark.png","width":506,"height":68,"caption":"[Russian] Berrano Gelinlik"},"image":{"@id":"https:\/\/berranosposa.com\/#\/schema\/logo\/image\/"},"sameAs":["https:\/\/www.instagram.com\/berranosposa\/","https:\/\/www.pinterest.com\/berranosposa","https:\/\/www.facebook.com\/berranosposa\/"]}]}},"_links":{"self":[{"href":"https:\/\/berranosposa.com\/ru\/wp-json\/wp\/v2\/pages\/9226","targetHints":{"allow":["GET"]}}],"collection":[{"href":"https:\/\/berranosposa.com\/ru\/wp-json\/wp\/v2\/pages"}],"about":[{"href":"https:\/\/berranosposa.com\/ru\/wp-json\/wp\/v2\/types\/page"}],"author":[{"embeddable":true,"href":"https:\/\/berranosposa.com\/ru\/wp-json\/wp\/v2\/users\/1"}],"replies":[{"embeddable":true,"href":"https:\/\/berranosposa.com\/ru\/wp-json\/wp\/v2\/comments?post=9226"}],"version-history":[{"count":12,"href":"https:\/\/berranosposa.com\/ru\/wp-json\/wp\/v2\/pages\/9226\/revisions"}],"predecessor-version":[{"id":11192,"href":"https:\/\/berranosposa.com\/ru\/wp-json\/wp\/v2\/pages\/9226\/revisions\/11192"}],"wp:attachment":[{"href":"https:\/\/berranosposa.com\/ru\/wp-json\/wp\/v2\/media?parent=9226"}],"curies":[{"name":"wp","href":"https:\/\/api.w.org\/{rel}","templated":true}]}}